{"id":2,"date":"2016-09-27T17:47:44","date_gmt":"2016-09-27T23:47:44","guid":{"rendered":"http:\/\/tunel-forzado.com\/?page_id=2"},"modified":"2019-06-20T12:53:49","modified_gmt":"2019-06-20T18:53:49","slug":"tunel-forzado-la-nueva-era-la-agricultura","status":"publish","type":"page","link":"https:\/\/tunel-forzado.com\/","title":{"rendered":"T\u00fanel forzado: la nueva era de la agricultura"},"content":{"rendered":"<h2>\u00bfQUE ES UN T\u00daNEL FORZADO?<\/h2>\n<figure id=\"attachment_15\" aria-describedby=\"caption-attachment-15\" style=\"width: 300px\" class=\"wp-caption aligncenter\"><img loading=\"lazy\" decoding=\"async\" class=\"wp-image-15 size-medium\" src=\"https:\/\/tunel-forzado.com\/wp-content\/uploads\/2016\/09\/tunel_forzado11-300x146.jpg\" alt=\"t\u00fanel cuadrangular\" width=\"300\" height=\"146\" srcset=\"https:\/\/tunel-forzado.com\/wp-content\/uploads\/2016\/09\/tunel_forzado11-300x146.jpg 300w, https:\/\/tunel-forzado.com\/wp-content\/uploads\/2016\/09\/tunel_forzado11.jpg 643w\" sizes=\"auto, (max-width: 300px) 100vw, 300px\" \/><figcaption id=\"caption-attachment-15\" class=\"wp-caption-text\">En est\u00e1 imagen vemos los t\u00faneles forzados aplicados a los cultivos de flores.<\/figcaption><\/figure>\n<p>Desde los cambios de temperatura&nbsp; en todo el mundo. El hombre se ha tenido que valer de su ingenio para seguir cosechando y <strong>protegiendo sus cultivos<\/strong> en temporadas de a\u00f1os en el cual el clima no est\u00e1 del lado del agricultor. Las <strong>bajas temperaturas<\/strong> son ejemplo del cambio clim\u00e1tico en todo el planeta tierra. Las <span style=\"color: #ff9900;\"><a style=\"color: #ff9900;\" href=\"http:\/\/tela-contra-heladas.com\/dano-producido-las-bajas-temperatura-en-los-cultivos-evitarlo\/\" target=\"_blank\" rel=\"noopener\">heladas perjudican a una gran cantidad de hortalizas<\/a><\/span> del hombre; como las lechugas, repollos. El <strong>fr\u00edo<\/strong> afecta a los<strong> \u00e1rboles frutales<\/strong> como la de algunos c\u00edtricos; limones, naranjas, toronjas.<\/p>\n<figure id=\"attachment_16\" aria-describedby=\"caption-attachment-16\" style=\"width: 300px\" class=\"wp-caption aligncenter\"><img loading=\"lazy\" decoding=\"async\" class=\"size-medium wp-image-16\" src=\"https:\/\/tunel-forzado.com\/wp-content\/uploads\/2016\/09\/naranja21-300x164.jpg\" alt=\"semillas de critricos\" width=\"300\" height=\"164\" srcset=\"https:\/\/tunel-forzado.com\/wp-content\/uploads\/2016\/09\/naranja21-300x164.jpg 300w, https:\/\/tunel-forzado.com\/wp-content\/uploads\/2016\/09\/naranja21.jpg 462w\" sizes=\"auto, (max-width: 300px) 100vw, 300px\" \/><figcaption id=\"caption-attachment-16\" class=\"wp-caption-text\">El t\u00fanel forzado protege perfectamente el cultivo de naranjas<\/figcaption><\/figure>\n<p>La forma en que el fr\u00edo afecta a la planta es producido cuando se forman cristales de hielo dentro de las estructuras de las plantas. Ocasionando que las c\u00e9lulas se pinchen o pierdan su actividad <span style=\"color: #ff9900;\"><a style=\"color: #ff9900;\" href=\"https:\/\/es.wikipedia.org\/wiki\/Metabolismo\" target=\"_blank\" rel=\"noopener\">metab\u00f3lica<\/a><\/span> y enzim\u00e1tica dejando de funcionar hasta morir.<\/p>\n<p>Para prevenir este tipo de&nbsp; factores, que pone en riesgo todo el trabajo y dinero invertido durante un largo tiempo, existe algo que se llama <strong><em>t\u00fanel<\/em> forzado<\/strong>. T\u00fanel forzado es un m\u00e9todo que facilita, <strong>protege y acelera<\/strong> si es el caso, los <strong>cultivos agr\u00edcolas<\/strong>.<\/p>\n<p>El t\u00fanel forzado involucra estructuras met\u00e1licas o de cualquier otra material con el que se pueda fabricar una estructura en forma de media luna \u201cun t\u00fanel\u201d. El t\u00fanel&nbsp; se coloca justo por encima de los surcos de los cultivos que se quiera proteger del fr\u00edo o acelerar su crecimiento.<\/p>\n<h3>QUE TELA SE HACE PARA HACER UN T\u00daNEL FORZADO<\/h3>\n<p>La piedra angular&nbsp;del t\u00fanel es el material con el que se forra la estructura del t\u00fanel<span style=\"color: #ff9900;\"><span style=\"color: #000000;\">. <\/span><\/span><span style=\"color: #ff9900;\"><span style=\"color: #000000;\">La<\/span><\/span><span style=\"color: #ff9900;\"> <a style=\"color: #ff9900;\" href=\"http:\/\/invernavelo.com\/2016\/10\/13\/manta-termica-invernavelo\/\" target=\"_blank\" rel=\"noopener\">manta t\u00e9rmica&nbsp;INVERNAVELO<\/a><\/span>&nbsp;es un tejido&nbsp; no tejido con propiedades t\u00e9rmicas. Esto quiere decir que puede conservar la temperatura del interior manteniendo un clima diferente al del exterior.<\/p>\n<figure id=\"attachment_17\" aria-describedby=\"caption-attachment-17\" style=\"width: 300px\" class=\"wp-caption aligncenter\"><img loading=\"lazy\" decoding=\"async\" class=\"size-medium wp-image-17\" src=\"https:\/\/tunel-forzado.com\/wp-content\/uploads\/2016\/09\/tela31-300x266.jpg\" alt=\"semillas\" width=\"300\" height=\"266\" srcset=\"https:\/\/tunel-forzado.com\/wp-content\/uploads\/2016\/09\/tela31-300x266.jpg 300w, https:\/\/tunel-forzado.com\/wp-content\/uploads\/2016\/09\/tela31.jpg 432w\" sizes=\"auto, (max-width: 300px) 100vw, 300px\" \/><figcaption id=\"caption-attachment-17\" class=\"wp-caption-text\">Una forma sencilla de instalar un t\u00fanel forzado es colocar la tela t\u00e9rmica&nbsp;INVERNAVELO sobre las hortalizas listo.<\/figcaption><\/figure>\n<p>Precisamente la <span style=\"color: #ff9900;\"><a style=\"color: #ff9900;\" href=\"http:\/\/malla-contra-heladas.com\">malla anti heladas<\/a> <\/span>INVERNAVELO es la que se usa para forrar los t\u00faneles agr\u00edcolas de los <span style=\"color: #ff9900;\"><a style=\"color: #ff9900;\" href=\"http:\/\/cultivo-protegido.com\/\" target=\"_blank\" rel=\"noopener\">cultivos protegidos<\/a><\/span>. Su capacidad de conservar el <strong>calor<\/strong> es ideal para proteger los cultivos de las peligrosas <strong>heladas<\/strong>&nbsp; o para acelerar el desarrollo o maduraci\u00f3n de los frutos. El t\u00fanel funciona a modo de un peque\u00f1o invernadero.<\/p>\n<figure id=\"attachment_19\" aria-describedby=\"caption-attachment-19\" style=\"width: 266px\" class=\"wp-caption aligncenter\"><img loading=\"lazy\" decoding=\"async\" class=\"wp-image-19 size-medium\" src=\"https:\/\/tunel-forzado.com\/wp-content\/uploads\/2016\/09\/tumel_41-266x300.jpg\" alt=\"t\u00fanel en el campo\" width=\"266\" height=\"300\" srcset=\"https:\/\/tunel-forzado.com\/wp-content\/uploads\/2016\/09\/tumel_41-266x300.jpg 266w, https:\/\/tunel-forzado.com\/wp-content\/uploads\/2016\/09\/tumel_41.jpg 359w\" sizes=\"auto, (max-width: 266px) 100vw, 266px\" \/><figcaption id=\"caption-attachment-19\" class=\"wp-caption-text\">Con este tipo de t\u00fanel se pueden reemplazar a los<strong> costosos invernaderos<\/strong>.<\/figcaption><\/figure>\n<p>El t\u00fanel de forzado hace lo mismo que un costoso invernadero. Se obtiene los mismos resultados de velocidad de producci\u00f3n pero a un<strong> menor precio<\/strong> de construcci\u00f3n. La <a href=\"http:\/\/tela-contra-heladas.com\">tela contra heladas<\/a> es una malla agr\u00edcola fabricada con un singular m\u00e9todo de \u201cno tejido\u201d. Hecha con un derivado del petr\u00f3leo llamado polipropileno.<\/p>\n<p>La malla anti insectos INVERNAVELO,&nbsp;durante su fabricaci\u00f3n es <strong>estabilizada<\/strong> contra los<strong> rayos UV<\/strong> para mejorar su resistencia a las condiciones atmosf\u00e9ricas. La<span style=\"color: #ff9900;\"> <a style=\"color: #ff9900;\" href=\"https:\/\/www.hortomallas.com\/tela-antiheladas-cultivos-contra-frio\/\" target=\"_blank\" rel=\"noopener\">tela de forzado agr\u00edcola es por excelencia la malla contra el fr\u00edo<\/a><\/span>.<\/p>\n<p>Conozca m\u00e1s productos que le pueden facilitar el cultivo de sus hortalizas, Las <a href=\"http:\/\/malla-espaldera.com\/\"><span style=\"color: #ff9900;\">mallas<\/span> <span style=\"color: #ff9900;\">espalderas<\/span><\/a><span style=\"color: #ff9900;\">,&nbsp;<a style=\"color: #ff9900;\" href=\"http:\/\/malla-tutora.com\/\">mallas tutoras<\/a>,&nbsp;<a style=\"color: #ff9900;\" href=\"http:\/\/malla-gallinera.com\/\">mallas av\u00edcolas<\/a><\/span> o mallas para la piscicultura.<\/p>\n<figure id=\"attachment_20\" aria-describedby=\"caption-attachment-20\" style=\"width: 300px\" class=\"wp-caption aligncenter\"><img loading=\"lazy\" decoding=\"async\" class=\"size-medium wp-image-20\" src=\"https:\/\/tunel-forzado.com\/wp-content\/uploads\/2016\/09\/emtutorado_51-300x167.jpg\" alt=\"El tutorado se puede hacer con la malla espaldera.\" width=\"300\" height=\"167\" srcset=\"https:\/\/tunel-forzado.com\/wp-content\/uploads\/2016\/09\/emtutorado_51-300x167.jpg 300w, https:\/\/tunel-forzado.com\/wp-content\/uploads\/2016\/09\/emtutorado_51.jpg 735w\" sizes=\"auto, (max-width: 300px) 100vw, 300px\" \/><figcaption id=\"caption-attachment-20\" class=\"wp-caption-text\">El <strong>tutorado<\/strong> se puede hacer con la malla espaldera HORTOMALLAS.<\/figcaption><\/figure>\n<p>RG<\/p>\n","protected":false},"excerpt":{"rendered":"<p>\u00bfQUE ES UN T\u00daNEL FORZADO? Desde los cambios de temperatura&nbsp; en todo el mundo. El hombre se ha tenido que valer de su ingenio para seguir cosechando y protegiendo sus cultivos en temporadas de a\u00f1os en el cual el clima no est\u00e1 del lado del agricultor. Las bajas temperaturas son ejemplo del cambio clim\u00e1tico en [&hellip;]<\/p>\n","protected":false},"author":1,"featured_media":0,"parent":0,"menu_order":0,"comment_status":"closed","ping_status":"open","template":"","meta":{"footnotes":""},"class_list":["post-2","page","type-page","status-publish","hentry"],"yoast_head":"<!-- This site is optimized with the Yoast SEO plugin v26.2 - https:\/\/yoast.com\/wordpress\/plugins\/seo\/ -->\n<title>T\u00fanel forzado: la nueva era de la agricultura - tunel-forzado.com<\/title>\n<meta name=\"description\" content=\"La piedra ANGULAR del t\u00fanel es el material con el que se forra la estructura del t\u00fanel. La malla invernavelo es un tejido no tejido con propiedades t\u00e9rmicas\" \/>\n<meta name=\"robots\" content=\"index, follow, max-snippet:-1, max-image-preview:large, max-video-preview:-1\" \/>\n<link rel=\"canonical\" href=\"https:\/\/tunel-forzado.com\/\" \/>\n<meta property=\"og:locale\" content=\"es_MX\" \/>\n<meta property=\"og:type\" content=\"article\" \/>\n<meta property=\"og:title\" content=\"T\u00fanel forzado: la nueva era de la agricultura - tunel-forzado.com\" \/>\n<meta property=\"og:description\" content=\"La piedra ANGULAR del t\u00fanel es el material con el que se forra la estructura del t\u00fanel. La malla invernavelo es un tejido no tejido con propiedades t\u00e9rmicas\" \/>\n<meta property=\"og:url\" content=\"https:\/\/tunel-forzado.com\/\" \/>\n<meta property=\"og:site_name\" content=\"tunel-forzado.com\" \/>\n<meta property=\"article:modified_time\" content=\"2019-06-20T18:53:49+00:00\" \/>\n<meta property=\"og:image\" content=\"https:\/\/tunel-forzado.com\/wp-content\/uploads\/2016\/09\/tunel_forzado11-300x146.jpg\" \/>\n<meta name=\"twitter:card\" content=\"summary_large_image\" \/>\n<meta name=\"twitter:label1\" content=\"Tiempo de lectura\" \/>\n\t<meta name=\"twitter:data1\" content=\"3 minutos\" \/>\n<script type=\"application\/ld+json\" class=\"yoast-schema-graph\">{\"@context\":\"https:\/\/schema.org\",\"@graph\":[{\"@type\":\"WebPage\",\"@id\":\"https:\/\/tunel-forzado.com\/\",\"url\":\"https:\/\/tunel-forzado.com\/\",\"name\":\"T\u00fanel forzado: la nueva era de la agricultura - tunel-forzado.com\",\"isPartOf\":{\"@id\":\"https:\/\/tunel-forzado.com\/#website\"},\"primaryImageOfPage\":{\"@id\":\"https:\/\/tunel-forzado.com\/#primaryimage\"},\"image\":{\"@id\":\"https:\/\/tunel-forzado.com\/#primaryimage\"},\"thumbnailUrl\":\"https:\/\/tunel-forzado.com\/wp-content\/uploads\/2016\/09\/tunel_forzado11-300x146.jpg\",\"datePublished\":\"2016-09-27T23:47:44+00:00\",\"dateModified\":\"2019-06-20T18:53:49+00:00\",\"description\":\"La piedra ANGULAR del t\u00fanel es el material con el que se forra la estructura del t\u00fanel. La malla invernavelo es un tejido no tejido con propiedades t\u00e9rmicas\",\"breadcrumb\":{\"@id\":\"https:\/\/tunel-forzado.com\/#breadcrumb\"},\"inLanguage\":\"es\",\"potentialAction\":[{\"@type\":\"ReadAction\",\"target\":[\"https:\/\/tunel-forzado.com\/\"]}]},{\"@type\":\"ImageObject\",\"inLanguage\":\"es\",\"@id\":\"https:\/\/tunel-forzado.com\/#primaryimage\",\"url\":\"https:\/\/tunel-forzado.com\/wp-content\/uploads\/2016\/09\/tunel_forzado11.jpg\",\"contentUrl\":\"https:\/\/tunel-forzado.com\/wp-content\/uploads\/2016\/09\/tunel_forzado11.jpg\",\"width\":643,\"height\":312,\"caption\":\"Los t\u00faneles forzados est\u00e1n de LUJO.\"},{\"@type\":\"BreadcrumbList\",\"@id\":\"https:\/\/tunel-forzado.com\/#breadcrumb\",\"itemListElement\":[{\"@type\":\"ListItem\",\"position\":1,\"name\":\"Inicio\",\"item\":\"https:\/\/tunel-forzado.com\/\"},{\"@type\":\"ListItem\",\"position\":2,\"name\":\"T\u00fanel forzado: la nueva era de la agricultura\"}]},{\"@type\":\"WebSite\",\"@id\":\"https:\/\/tunel-forzado.com\/#website\",\"url\":\"https:\/\/tunel-forzado.com\/\",\"name\":\"tunel-forzado.com\",\"description\":\"Otro sitio realizado con WordPress\",\"potentialAction\":[{\"@type\":\"SearchAction\",\"target\":{\"@type\":\"EntryPoint\",\"urlTemplate\":\"https:\/\/tunel-forzado.com\/?s={search_term_string}\"},\"query-input\":{\"@type\":\"PropertyValueSpecification\",\"valueRequired\":true,\"valueName\":\"search_term_string\"}}],\"inLanguage\":\"es\"}]}<\/script>\n<!-- \/ Yoast SEO plugin. -->","yoast_head_json":{"title":"T\u00fanel forzado: la nueva era de la agricultura - tunel-forzado.com","description":"La piedra ANGULAR del t\u00fanel es el material con el que se forra la estructura del t\u00fanel. La malla invernavelo es un tejido no tejido con propiedades t\u00e9rmicas","robots":{"index":"index","follow":"follow","max-snippet":"max-snippet:-1","max-image-preview":"max-image-preview:large","max-video-preview":"max-video-preview:-1"},"canonical":"https:\/\/tunel-forzado.com\/","og_locale":"es_MX","og_type":"article","og_title":"T\u00fanel forzado: la nueva era de la agricultura - tunel-forzado.com","og_description":"La piedra ANGULAR del t\u00fanel es el material con el que se forra la estructura del t\u00fanel. La malla invernavelo es un tejido no tejido con propiedades t\u00e9rmicas","og_url":"https:\/\/tunel-forzado.com\/","og_site_name":"tunel-forzado.com","article_modified_time":"2019-06-20T18:53:49+00:00","og_image":[{"url":"https:\/\/tunel-forzado.com\/wp-content\/uploads\/2016\/09\/tunel_forzado11-300x146.jpg","type":"","width":"","height":""}],"twitter_card":"summary_large_image","twitter_misc":{"Tiempo de lectura":"3 minutos"},"schema":{"@context":"https:\/\/schema.org","@graph":[{"@type":"WebPage","@id":"https:\/\/tunel-forzado.com\/","url":"https:\/\/tunel-forzado.com\/","name":"T\u00fanel forzado: la nueva era de la agricultura - tunel-forzado.com","isPartOf":{"@id":"https:\/\/tunel-forzado.com\/#website"},"primaryImageOfPage":{"@id":"https:\/\/tunel-forzado.com\/#primaryimage"},"image":{"@id":"https:\/\/tunel-forzado.com\/#primaryimage"},"thumbnailUrl":"https:\/\/tunel-forzado.com\/wp-content\/uploads\/2016\/09\/tunel_forzado11-300x146.jpg","datePublished":"2016-09-27T23:47:44+00:00","dateModified":"2019-06-20T18:53:49+00:00","description":"La piedra ANGULAR del t\u00fanel es el material con el que se forra la estructura del t\u00fanel. La malla invernavelo es un tejido no tejido con propiedades t\u00e9rmicas","breadcrumb":{"@id":"https:\/\/tunel-forzado.com\/#breadcrumb"},"inLanguage":"es","potentialAction":[{"@type":"ReadAction","target":["https:\/\/tunel-forzado.com\/"]}]},{"@type":"ImageObject","inLanguage":"es","@id":"https:\/\/tunel-forzado.com\/#primaryimage","url":"https:\/\/tunel-forzado.com\/wp-content\/uploads\/2016\/09\/tunel_forzado11.jpg","contentUrl":"https:\/\/tunel-forzado.com\/wp-content\/uploads\/2016\/09\/tunel_forzado11.jpg","width":643,"height":312,"caption":"Los t\u00faneles forzados est\u00e1n de LUJO."},{"@type":"BreadcrumbList","@id":"https:\/\/tunel-forzado.com\/#breadcrumb","itemListElement":[{"@type":"ListItem","position":1,"name":"Inicio","item":"https:\/\/tunel-forzado.com\/"},{"@type":"ListItem","position":2,"name":"T\u00fanel forzado: la nueva era de la agricultura"}]},{"@type":"WebSite","@id":"https:\/\/tunel-forzado.com\/#website","url":"https:\/\/tunel-forzado.com\/","name":"tunel-forzado.com","description":"Otro sitio realizado con WordPress","potentialAction":[{"@type":"SearchAction","target":{"@type":"EntryPoint","urlTemplate":"https:\/\/tunel-forzado.com\/?s={search_term_string}"},"query-input":{"@type":"PropertyValueSpecification","valueRequired":true,"valueName":"search_term_string"}}],"inLanguage":"es"}]}},"_links":{"self":[{"href":"https:\/\/tunel-forzado.com\/index.php\/wp-json\/wp\/v2\/pages\/2","targetHints":{"allow":["GET"]}}],"collection":[{"href":"https:\/\/tunel-forzado.com\/index.php\/wp-json\/wp\/v2\/pages"}],"about":[{"href":"https:\/\/tunel-forzado.com\/index.php\/wp-json\/wp\/v2\/types\/page"}],"author":[{"embeddable":true,"href":"https:\/\/tunel-forzado.com\/index.php\/wp-json\/wp\/v2\/users\/1"}],"replies":[{"embeddable":true,"href":"https:\/\/tunel-forzado.com\/index.php\/wp-json\/wp\/v2\/comments?post=2"}],"version-history":[{"count":17,"href":"https:\/\/tunel-forzado.com\/index.php\/wp-json\/wp\/v2\/pages\/2\/revisions"}],"predecessor-version":[{"id":39,"href":"https:\/\/tunel-forzado.com\/index.php\/wp-json\/wp\/v2\/pages\/2\/revisions\/39"}],"wp:attachment":[{"href":"https:\/\/tunel-forzado.com\/index.php\/wp-json\/wp\/v2\/media?parent=2"}],"curies":[{"name":"wp","href":"https:\/\/api.w.org\/{rel}","templated":true}]}}